{"id":10008,"date":"2023-09-11T14:02:08","date_gmt":"2023-09-11T12:02:08","guid":{"rendered":"https:\/\/adagroupe.com\/?page_id=10008"},"modified":"2023-10-09T15:57:39","modified_gmt":"2023-10-09T13:57:39","slug":"concept-s2b","status":"publish","type":"page","link":"https:\/\/adagroupe.com\/index.php\/concept-s2b\/","title":{"rendered":"Concept S2B"},"content":{"rendered":"\t\t<div data-elementor-type=\"wp-page\" data-elementor-id=\"10008\" class=\"elementor elementor-10008\" data-elementor-post-type=\"page\">\n\t\t\t\t\t\t<section class=\"elementor-section elementor-top-section elementor-element elementor-element-f773419 elementor-section-stretched elementor-section-boxed elementor-section-height-default elementor-section-height-default\" data-id=\"f773419\" data-element_type=\"section\" data-settings=\"{&quot;stretch_section&quot;:&quot;section-stretched&quot;,&quot;background_background&quot;:&quot;classic&quot;}\">\n\t\t\t\t\t\t<div class=\"elementor-container elementor-column-gap-default\">\n\t\t\t\t\t<div class=\"elementor-column elementor-col-50 elementor-top-column elementor-element elementor-element-510ee4c\" data-id=\"510ee4c\" data-element_type=\"column\">\n\t\t\t<div class=\"elementor-widget-wrap elementor-element-populated\">\n\t\t\t\t\r\n\r\n\t\t<div class=\"elementor-element elementor-element-e292818 elementor-widget elementor-widget-image\" data-id=\"e292818\" data-element_type=\"widget\" data-widget_type=\"image.default\">\n\t\t\t\t<div class=\"elementor-widget-container\">\n\t\t\t\t\t\t\t\t\t\t\t\t\t\t\t<img decoding=\"async\" width=\"335\" height=\"10\" src=\"https:\/\/adagroupe.com\/wp-content\/uploads\/2022\/11\/bg-5.svg\" class=\"attachment-large size-large wp-image-5569\" alt=\"\" \/>\t\t\t\t\t\t\t\t\t\t\t\t\t\t\t<\/div>\n\t\t\t\t<\/div>\n\t\t\t\t\t<\/div>\n\t\t<\/div>\n\t\t\t\t<div class=\"elementor-column elementor-col-50 elementor-top-column elementor-element elementor-element-ba4ac56\" data-id=\"ba4ac56\" data-element_type=\"column\">\n\t\t\t<div class=\"elementor-widget-wrap elementor-element-populated\">\n\t\t\t\t\t\t<section class=\"elementor-section elementor-inner-section elementor-element elementor-element-2bfeaa9 elementor-section-boxed elementor-section-height-default elementor-section-height-default\" data-id=\"2bfeaa9\" data-element_type=\"section\">\n\t\t\t\t\t\t<div class=\"elementor-container elementor-column-gap-default\">\n\t\t\t\t\t<div class=\"elementor-column elementor-col-100 elementor-inner-column elementor-element elementor-element-188a6ba\" data-id=\"188a6ba\" data-element_type=\"column\">\n\t\t\t<div class=\"elementor-widget-wrap\">\n\t\t\t\t\t\t\t<\/div>\n\t\t<\/div>\n\t\t\t\t\t<\/div>\n\t\t<\/section>\n\t\t\t\t<section class=\"elementor-section elementor-inner-section elementor-element elementor-element-bc63168 elementor-section-boxed elementor-section-height-default elementor-section-height-default\" data-id=\"bc63168\" data-element_type=\"section\" data-settings=\"{&quot;background_background&quot;:&quot;classic&quot;}\">\n\t\t\t\t\t\t<div class=\"elementor-container elementor-column-gap-default\">\n\t\t\t\t\t<div class=\"elementor-column elementor-col-100 elementor-inner-column elementor-element elementor-element-b6d2766\" data-id=\"b6d2766\" data-element_type=\"column\">\n\t\t\t<div class=\"elementor-widget-wrap elementor-element-populated\">\n\t\t\t\t\t\t<div class=\"elementor-element elementor-element-0922d92 elementor-blockquote--skin-border elementor-blockquote--button-color-official elementor-widget elementor-widget-blockquote\" data-id=\"0922d92\" data-element_type=\"widget\" data-widget_type=\"blockquote.default\">\n\t\t\t\t<div class=\"elementor-widget-container\">\n\t\t\t\t\t\t\t<blockquote class=\"elementor-blockquote\">\n\t\t\t<p class=\"elementor-blockquote__content\">\n\t\t\t\tR\u00e9alisation : Les panneaux de bambou\nsont fix\u00e9s sur une ossature en bois.\t\t\t<\/p>\n\t\t\t\t\t<\/blockquote>\n\t\t\t\t\t\t<\/div>\n\t\t\t\t<\/div>\n\t\t\t\t\t<\/div>\n\t\t<\/div>\n\t\t\t\t\t<\/div>\n\t\t<\/section>\n\t\t\t\t<section class=\"elementor-section elementor-inner-section elementor-element elementor-element-f69fae6 elementor-section-boxed elementor-section-height-default elementor-section-height-default\" data-id=\"f69fae6\" data-element_type=\"section\" data-settings=\"{&quot;background_background&quot;:&quot;classic&quot;}\">\n\t\t\t\t\t\t<div class=\"elementor-container elementor-column-gap-default\">\n\t\t\t\t\t<div class=\"elementor-column elementor-col-100 elementor-inner-column elementor-element elementor-element-70ebb07\" data-id=\"70ebb07\" data-element_type=\"column\">\n\t\t\t<div class=\"elementor-widget-wrap elementor-element-populated\">\n\t\t\t\t\t\t<div class=\"elementor-element elementor-element-2cf56a9 elementor-blockquote--skin-clean elementor-blockquote--align-left elementor-blockquote--button-color-official elementor-widget elementor-widget-blockquote\" data-id=\"2cf56a9\" data-element_type=\"widget\" data-widget_type=\"blockquote.default\">\n\t\t\t\t<div class=\"elementor-widget-container\">\n\t\t\t\t\t\t\t<blockquote class=\"elementor-blockquote\">\n\t\t\t<p class=\"elementor-blockquote__content\">\n\t\t\t\tSur les panneaux, on fixe un grillage poulailler,\npuis une couche de b\u00e9ton de 2cm\nconstitu\u00e9e de gravillon 3\/8 (grains de riz),\nenfin une couche de 2cm d\u2019enduit.\nS2B est consid\u00e9r\u00e9 comme du b\u00e9ton banch\u00e9\ndont l\u2019armature est le bambou. Sa dur\u00e9e\nde vie est estim\u00e9e \u00e0 minimum 50ans.\t\t\t<\/p>\n\t\t\t\t\t<\/blockquote>\n\t\t\t\t\t\t<\/div>\n\t\t\t\t<\/div>\n\t\t\t\t\t<\/div>\n\t\t<\/div>\n\t\t\t\t\t<\/div>\n\t\t<\/section>\n\t\t\t\t\t<\/div>\n\t\t<\/div>\n\t\t\t\t\t<\/div>\n\t\t<\/section>\n\t\t\t\t<section class=\"elementor-section elementor-top-section elementor-element elementor-element-3cb3c36 elementor-section-boxed elementor-section-height-default elementor-section-height-default\" data-id=\"3cb3c36\" data-element_type=\"section\">\n\t\t\t\t\t\t<div class=\"elementor-container elementor-column-gap-default\">\n\t\t\t\t\t<div class=\"elementor-column elementor-col-100 elementor-top-column elementor-element elementor-element-6237b9a\" data-id=\"6237b9a\" data-element_type=\"column\">\n\t\t\t<div class=\"elementor-widget-wrap elementor-element-populated\">\n\t\t\t\t\t\t<div class=\"elementor-element elementor-element-8aa2f25 elementor-widget elementor-widget-spacer\" data-id=\"8aa2f25\" data-element_type=\"widget\" data-widget_type=\"spacer.default\">\n\t\t\t\t<div class=\"elementor-widget-container\">\n\t\t\t\t\t\t\t<div class=\"elementor-spacer\">\n\t\t\t<div class=\"elementor-spacer-inner\"><\/div>\n\t\t<\/div>\n\t\t\t\t\t\t<\/div>\n\t\t\t\t<\/div>\n\t\t\t\t\t<\/div>\n\t\t<\/div>\n\t\t\t\t\t<\/div>\n\t\t<\/section>\n\t\t\t\t<\/div>\n\t\t","protected":false},"excerpt":{"rendered":"<p>Concept S2B Il s\u2019agit de l\u2019utilisation des lamelles de bambou tress\u00e9es dans les constructions l\u00e9g\u00e8res, notamment les infrastructures sociales (\u00e9coles, postes de soci\u00e9t\u00e9, logements sociaux etc.\u2026). R\u00e9alisation : Les panneaux de bambou sont fix\u00e9s sur une ossature en bois. Sur les panneaux, on fixe un grillage poulailler, puis une couche de b\u00e9ton de 2cm constitu\u00e9e&#8230;<\/p>\n","protected":false},"author":1,"featured_media":0,"parent":0,"menu_order":0,"comment_status":"closed","ping_status":"closed","template":"","meta":{"footnotes":""},"class_list":["post-10008","page","type-page","status-publish","hentry"],"_links":{"self":[{"href":"https:\/\/adagroupe.com\/index.php\/wp-json\/wp\/v2\/pages\/10008","targetHints":{"allow":["GET"]}}],"collection":[{"href":"https:\/\/adagroupe.com\/index.php\/wp-json\/wp\/v2\/pages"}],"about":[{"href":"https:\/\/adagroupe.com\/index.php\/wp-json\/wp\/v2\/types\/page"}],"author":[{"embeddable":true,"href":"https:\/\/adagroupe.com\/index.php\/wp-json\/wp\/v2\/users\/1"}],"replies":[{"embeddable":true,"href":"https:\/\/adagroupe.com\/index.php\/wp-json\/wp\/v2\/comments?post=10008"}],"version-history":[{"count":15,"href":"https:\/\/adagroupe.com\/index.php\/wp-json\/wp\/v2\/pages\/10008\/revisions"}],"predecessor-version":[{"id":10401,"href":"https:\/\/adagroupe.com\/index.php\/wp-json\/wp\/v2\/pages\/10008\/revisions\/10401"}],"wp:attachment":[{"href":"https:\/\/adagroupe.com\/index.php\/wp-json\/wp\/v2\/media?parent=10008"}],"curies":[{"name":"wp","href":"https:\/\/api.w.org\/{rel}","templated":true}]}}