{"id":10402,"date":"2023-10-09T16:01:27","date_gmt":"2023-10-09T14:01:27","guid":{"rendered":"https:\/\/adagroupe.com\/?page_id=10402"},"modified":"2023-10-09T16:07:48","modified_gmt":"2023-10-09T14:07:48","slug":"chaise-senegalaise-noflaye","status":"publish","type":"page","link":"https:\/\/adagroupe.com\/index.php\/chaise-senegalaise-noflaye\/","title":{"rendered":"Chaise s\u00e9n\u00e9galaise (Noflaye)"},"content":{"rendered":"\t\t<div data-elementor-type=\"wp-page\" data-elementor-id=\"10402\" class=\"elementor elementor-10402\" data-elementor-post-type=\"page\">\n\t\t\t\t\t\t<section class=\"elementor-section elementor-top-section elementor-element elementor-element-f773419 elementor-section-stretched elementor-section-boxed elementor-section-height-default elementor-section-height-default\" data-id=\"f773419\" data-element_type=\"section\" data-settings=\"{&quot;stretch_section&quot;:&quot;section-stretched&quot;,&quot;background_background&quot;:&quot;classic&quot;}\">\n\t\t\t\t\t\t<div class=\"elementor-container elementor-column-gap-default\">\n\t\t\t\t\t<div class=\"elementor-column elementor-col-50 elementor-top-column elementor-element elementor-element-510ee4c\" data-id=\"510ee4c\" data-element_type=\"column\">\n\t\t\t<div class=\"elementor-widget-wrap elementor-element-populated\">\n\t\t\t\t\r\n\r\n\t\t<div class=\"elementor-element elementor-element-e292818 elementor-widget elementor-widget-image\" data-id=\"e292818\" data-element_type=\"widget\" data-widget_type=\"image.default\">\n\t\t\t\t<div class=\"elementor-widget-container\">\n\t\t\t\t\t\t\t\t\t\t\t\t\t\t\t<img decoding=\"async\" width=\"335\" height=\"10\" src=\"https:\/\/adagroupe.com\/wp-content\/uploads\/2022\/11\/bg-5.svg\" class=\"attachment-large size-large wp-image-5569\" alt=\"\" \/>\t\t\t\t\t\t\t\t\t\t\t\t\t\t\t<\/div>\n\t\t\t\t<\/div>\n\t\t\t\t\t<\/div>\n\t\t<\/div>\n\t\t\t\t<div class=\"elementor-column elementor-col-50 elementor-top-column elementor-element elementor-element-ba4ac56\" data-id=\"ba4ac56\" data-element_type=\"column\">\n\t\t\t<div class=\"elementor-widget-wrap elementor-element-populated\">\n\t\t\t\t\t\t<section class=\"elementor-section elementor-inner-section elementor-element elementor-element-2bfeaa9 elementor-section-boxed elementor-section-height-default elementor-section-height-default\" data-id=\"2bfeaa9\" data-element_type=\"section\">\n\t\t\t\t\t\t<div class=\"elementor-container elementor-column-gap-default\">\n\t\t\t\t\t<div class=\"elementor-column elementor-col-100 elementor-inner-column elementor-element elementor-element-188a6ba\" data-id=\"188a6ba\" data-element_type=\"column\">\n\t\t\t<div class=\"elementor-widget-wrap\">\n\t\t\t\t\t\t\t<\/div>\n\t\t<\/div>\n\t\t\t\t\t<\/div>\n\t\t<\/section>\n\t\t\t\t<section class=\"elementor-section elementor-inner-section elementor-element elementor-element-bc63168 elementor-section-boxed elementor-section-height-default elementor-section-height-default\" data-id=\"bc63168\" data-element_type=\"section\" data-settings=\"{&quot;background_background&quot;:&quot;classic&quot;}\">\n\t\t\t\t\t\t<div class=\"elementor-container elementor-column-gap-default\">\n\t\t\t\t\t<div class=\"elementor-column elementor-col-100 elementor-inner-column elementor-element elementor-element-b6d2766\" data-id=\"b6d2766\" data-element_type=\"column\">\n\t\t\t<div class=\"elementor-widget-wrap elementor-element-populated\">\n\t\t\t\t\t\t<div class=\"elementor-element elementor-element-0922d92 elementor-widget__width-initial elementor-blockquote--skin-border elementor-blockquote--button-color-official elementor-widget elementor-widget-blockquote\" data-id=\"0922d92\" data-element_type=\"widget\" data-widget_type=\"blockquote.default\">\n\t\t\t\t<div class=\"elementor-widget-container\">\n\t\t\t\t\t\t\t<blockquote class=\"elementor-blockquote\">\n\t\t\t<p class=\"elementor-blockquote__content\">\n\t\t\t\tL\u2019innovation porte ainsi sur la modification\ndes chaises anglaises pour permettre \u00e0\ncette cat\u00e9gorie de pouvoir s\u2019assoir\net de faire leur besoin.\t\t\t<\/p>\n\t\t\t\t\t<\/blockquote>\n\t\t\t\t\t\t<\/div>\n\t\t\t\t<\/div>\n\t\t\t\t\t<\/div>\n\t\t<\/div>\n\t\t\t\t\t<\/div>\n\t\t<\/section>\n\t\t\t\t\t<\/div>\n\t\t<\/div>\n\t\t\t\t\t<\/div>\n\t\t<\/section>\n\t\t\t\t<section class=\"elementor-section elementor-top-section elementor-element elementor-element-3cb3c36 elementor-section-boxed elementor-section-height-default elementor-section-height-default\" data-id=\"3cb3c36\" data-element_type=\"section\">\n\t\t\t\t\t\t<div class=\"elementor-container elementor-column-gap-default\">\n\t\t\t\t\t<div class=\"elementor-column elementor-col-100 elementor-top-column elementor-element elementor-element-6237b9a\" data-id=\"6237b9a\" data-element_type=\"column\">\n\t\t\t<div class=\"elementor-widget-wrap elementor-element-populated\">\n\t\t\t\t\t\t<div class=\"elementor-element elementor-element-8aa2f25 elementor-widget elementor-widget-spacer\" data-id=\"8aa2f25\" data-element_type=\"widget\" data-widget_type=\"spacer.default\">\n\t\t\t\t<div class=\"elementor-widget-container\">\n\t\t\t\t\t\t\t<div class=\"elementor-spacer\">\n\t\t\t<div class=\"elementor-spacer-inner\"><\/div>\n\t\t<\/div>\n\t\t\t\t\t\t<\/div>\n\t\t\t\t<\/div>\n\t\t\t\t\t<\/div>\n\t\t<\/div>\n\t\t\t\t\t<\/div>\n\t\t<\/section>\n\t\t\t\t<\/div>\n\t\t","protected":false},"excerpt":{"rendered":"<p>Chaise s\u00e9n\u00e9galaise (Noflaye) En zone rurale, les populations utilisent des latrines pour faire leur besoin. Il s\u2019agit d\u2019une fosse sur laquelle est pos\u00e9e une dalle avec un trou. Ce qui fait que les personnes \u00e2g\u00e9es, en mobilit\u00e9 r\u00e9duite et en surpoids ne peuvent pas les utiliser. L\u2019innovation porte ainsi sur la modification des chaises anglaises&#8230;<\/p>\n","protected":false},"author":1,"featured_media":0,"parent":0,"menu_order":0,"comment_status":"closed","ping_status":"closed","template":"","meta":{"footnotes":""},"class_list":["post-10402","page","type-page","status-publish","hentry"],"_links":{"self":[{"href":"https:\/\/adagroupe.com\/index.php\/wp-json\/wp\/v2\/pages\/10402","targetHints":{"allow":["GET"]}}],"collection":[{"href":"https:\/\/adagroupe.com\/index.php\/wp-json\/wp\/v2\/pages"}],"about":[{"href":"https:\/\/adagroupe.com\/index.php\/wp-json\/wp\/v2\/types\/page"}],"author":[{"embeddable":true,"href":"https:\/\/adagroupe.com\/index.php\/wp-json\/wp\/v2\/users\/1"}],"replies":[{"embeddable":true,"href":"https:\/\/adagroupe.com\/index.php\/wp-json\/wp\/v2\/comments?post=10402"}],"version-history":[{"count":6,"href":"https:\/\/adagroupe.com\/index.php\/wp-json\/wp\/v2\/pages\/10402\/revisions"}],"predecessor-version":[{"id":10412,"href":"https:\/\/adagroupe.com\/index.php\/wp-json\/wp\/v2\/pages\/10402\/revisions\/10412"}],"wp:attachment":[{"href":"https:\/\/adagroupe.com\/index.php\/wp-json\/wp\/v2\/media?parent=10402"}],"curies":[{"name":"wp","href":"https:\/\/api.w.org\/{rel}","templated":true}]}}