{"id":10428,"date":"2023-10-10T10:31:22","date_gmt":"2023-10-10T08:31:22","guid":{"rendered":"https:\/\/adagroupe.com\/?page_id=10428"},"modified":"2023-10-10T10:55:06","modified_gmt":"2023-10-10T08:55:06","slug":"couscoussier-moderne-indely","status":"publish","type":"page","link":"https:\/\/adagroupe.com\/index.php\/couscoussier-moderne-indely\/","title":{"rendered":"Couscoussier moderne (Ind\u00e9ly)"},"content":{"rendered":"\t\t<div data-elementor-type=\"wp-page\" data-elementor-id=\"10428\" class=\"elementor elementor-10428\" data-elementor-post-type=\"page\">\n\t\t\t\t\t\t<section class=\"elementor-section elementor-top-section elementor-element elementor-element-f773419 elementor-section-stretched elementor-section-boxed elementor-section-height-default elementor-section-height-default\" data-id=\"f773419\" data-element_type=\"section\" data-settings=\"{&quot;stretch_section&quot;:&quot;section-stretched&quot;,&quot;background_background&quot;:&quot;classic&quot;}\">\n\t\t\t\t\t\t<div class=\"elementor-container elementor-column-gap-default\">\n\t\t\t\t\t<div class=\"elementor-column elementor-col-50 elementor-top-column elementor-element elementor-element-510ee4c\" data-id=\"510ee4c\" data-element_type=\"column\">\n\t\t\t<div class=\"elementor-widget-wrap elementor-element-populated\">\n\t\t\t\t\r\n\r\n\t\t<div class=\"elementor-element elementor-element-e292818 elementor-widget elementor-widget-image\" data-id=\"e292818\" data-element_type=\"widget\" data-widget_type=\"image.default\">\n\t\t\t\t<div class=\"elementor-widget-container\">\n\t\t\t\t\t\t\t\t\t\t\t\t\t\t\t<img decoding=\"async\" width=\"335\" height=\"10\" src=\"https:\/\/adagroupe.com\/wp-content\/uploads\/2022\/11\/bg-5.svg\" class=\"attachment-large size-large wp-image-5569\" alt=\"\" \/>\t\t\t\t\t\t\t\t\t\t\t\t\t\t\t<\/div>\n\t\t\t\t<\/div>\n\t\t\t\t\t<\/div>\n\t\t<\/div>\n\t\t\t\t<div class=\"elementor-column elementor-col-50 elementor-top-column elementor-element elementor-element-ba4ac56\" data-id=\"ba4ac56\" data-element_type=\"column\">\n\t\t\t<div class=\"elementor-widget-wrap elementor-element-populated\">\n\t\t\t\t\t\t<section class=\"elementor-section elementor-inner-section elementor-element elementor-element-2bfeaa9 elementor-section-boxed elementor-section-height-default elementor-section-height-default\" data-id=\"2bfeaa9\" data-element_type=\"section\">\n\t\t\t\t\t\t<div class=\"elementor-container elementor-column-gap-default\">\n\t\t\t\t\t<div class=\"elementor-column elementor-col-100 elementor-inner-column elementor-element elementor-element-188a6ba\" data-id=\"188a6ba\" data-element_type=\"column\">\n\t\t\t<div class=\"elementor-widget-wrap\">\n\t\t\t\t\t\t\t<\/div>\n\t\t<\/div>\n\t\t\t\t\t<\/div>\n\t\t<\/section>\n\t\t\t\t<section class=\"elementor-section elementor-inner-section elementor-element elementor-element-bc63168 elementor-section-boxed elementor-section-height-default elementor-section-height-default\" data-id=\"bc63168\" data-element_type=\"section\" data-settings=\"{&quot;background_background&quot;:&quot;classic&quot;}\">\n\t\t\t\t\t\t<div class=\"elementor-container elementor-column-gap-default\">\n\t\t\t\t\t<div class=\"elementor-column elementor-col-100 elementor-inner-column elementor-element elementor-element-b6d2766\" data-id=\"b6d2766\" data-element_type=\"column\">\n\t\t\t<div class=\"elementor-widget-wrap elementor-element-populated\">\n\t\t\t\t\t\t<div class=\"elementor-element elementor-element-0922d92 elementor-blockquote--skin-border elementor-blockquote--button-color-official elementor-widget elementor-widget-blockquote\" data-id=\"0922d92\" data-element_type=\"widget\" data-widget_type=\"blockquote.default\">\n\t\t\t\t<div class=\"elementor-widget-container\">\n\t\t\t\t\t\t\t<blockquote class=\"elementor-blockquote\">\n\t\t\t<p class=\"elementor-blockquote__content\">\n\t\t\t\tAinsi, certaines utilisent un morceau de tissu humide qu\u2019elles entourent autour du couscoussier, d\u2019autres en zone rurale utilisent m\u00eame de l\u2019argile. Cette pratique qui dure depuis tr\u00e8s longtemps pose trois probl\u00e8mes :\t\t\t<\/p>\n\t\t\t\t\t<\/blockquote>\n\t\t\t\t\t\t<\/div>\n\t\t\t\t<\/div>\n\t\t\t\t\t<\/div>\n\t\t<\/div>\n\t\t\t\t\t<\/div>\n\t\t<\/section>\n\t\t\t\t<section class=\"elementor-section elementor-inner-section elementor-element elementor-element-f69fae6 elementor-section-boxed elementor-section-height-default elementor-section-height-default\" data-id=\"f69fae6\" data-element_type=\"section\" data-settings=\"{&quot;background_background&quot;:&quot;classic&quot;}\">\n\t\t\t\t\t\t<div class=\"elementor-container elementor-column-gap-default\">\n\t\t\t\t\t<div class=\"elementor-column elementor-col-100 elementor-inner-column elementor-element elementor-element-70ebb07\" data-id=\"70ebb07\" data-element_type=\"column\">\n\t\t\t<div class=\"elementor-widget-wrap elementor-element-populated\">\n\t\t\t\t\t\t<div class=\"elementor-element elementor-element-98f3e7d elementor-widget elementor-widget-text-editor\" data-id=\"98f3e7d\" data-element_type=\"widget\" data-widget_type=\"text-editor.default\">\n\t\t\t\t<div class=\"elementor-widget-container\">\n\t\t\t\t\t\t\t\t\t<p><b><span style=\"color: #ff6600;\">Hygi\u00e8ne<\/span> <\/b>:<br \/>Le morceau de tissu est souvent dans un \u00e9tat d\u2019impropret\u00e9 qui pourrait effectivement poser un probl\u00e8me de sant\u00e9.<br \/><b><span style=\"color: #ff6600;\">\u00c9conomique<\/span> <\/b>:<br \/>Le morceau de tissu humide absorbe une bonne quantit\u00e9 de la vapeur au point qu\u2019il devient sec \u00e0 la fin de la pr\u00e9-cuisson du riz. Ce qui constitue une perte d\u2019\u00e9nergie donc de gaz butane qui, rapport\u00e9e \u00e0 l\u2019ann\u00e9e peut \u00eatre tr\u00e8s importante.<br \/><span style=\"color: #ff6600;\"><strong>S\u00e9curit\u00e9<\/strong> <\/span>:<br \/>Pour enlever le morceau de tissu, la femme est souvent br\u00fbl\u00e9e par la vapeur (appel\u00e9e thiololy en wolof).<br \/><span style=\"color: #ff6600;\"><strong>Solution propos\u00e9e :<\/strong><\/span><br \/>Elle consiste \u00e0 fixer une couronne en aluminium tout autour du couscoussier qui vient se poser directement sur la marmite assurant ainsi une parfaite \u00e9tanch\u00e9it\u00e9.<br \/><strong><span style=\"color: #ff6600;\">Avantages :<\/span><\/strong><br \/>\u2022 <span style=\"color: #ff6600;\">Hygi\u00e8ne<\/span> : disparition du morceau de tissu (ou de l\u2019argile) qui, \u00e0 terme devient assez sale.<br \/>\u2022 <span style=\"color: #ff6600;\">\u00c9conomique<\/span> : toute la vapeur de la marmite \u00e9tant concentr\u00e9e sur la c\u00e9r\u00e9ale (riz, mil, etc.)<br \/>du fait de l\u2019\u00e9tanch\u00e9it\u00e9, la pr\u00e9-cuisson est plus rapide donc gain de temps, d\u2019\u00e9nergie et d\u2019argent.<br \/>\u2022 <span style=\"color: #ff6600;\">S\u00e9curit\u00e9<\/span> : disparition du risque de br\u00fblure puisqu\u2019il n\u2019y a plus de tissu \u00e0 enlever.<\/p>\t\t\t\t\t\t\t\t<\/div>\n\t\t\t\t<\/div>\n\t\t\t\t\t<\/div>\n\t\t<\/div>\n\t\t\t\t\t<\/div>\n\t\t<\/section>\n\t\t\t\t\t<\/div>\n\t\t<\/div>\n\t\t\t\t\t<\/div>\n\t\t<\/section>\n\t\t\t\t<section class=\"elementor-section elementor-top-section elementor-element elementor-element-3cb3c36 elementor-section-boxed elementor-section-height-default elementor-section-height-default\" data-id=\"3cb3c36\" data-element_type=\"section\">\n\t\t\t\t\t\t<div class=\"elementor-container elementor-column-gap-default\">\n\t\t\t\t\t<div class=\"elementor-column elementor-col-100 elementor-top-column elementor-element elementor-element-6237b9a\" data-id=\"6237b9a\" data-element_type=\"column\">\n\t\t\t<div class=\"elementor-widget-wrap elementor-element-populated\">\n\t\t\t\t\t\t<div class=\"elementor-element elementor-element-8aa2f25 elementor-widget elementor-widget-spacer\" data-id=\"8aa2f25\" data-element_type=\"widget\" data-widget_type=\"spacer.default\">\n\t\t\t\t<div class=\"elementor-widget-container\">\n\t\t\t\t\t\t\t<div class=\"elementor-spacer\">\n\t\t\t<div class=\"elementor-spacer-inner\"><\/div>\n\t\t<\/div>\n\t\t\t\t\t\t<\/div>\n\t\t\t\t<\/div>\n\t\t\t\t\t<\/div>\n\t\t<\/div>\n\t\t\t\t\t<\/div>\n\t\t<\/section>\n\t\t\t\t<\/div>\n\t\t","protected":false},"excerpt":{"rendered":"<p>Couscoussier moderne (Ind\u00e9ly) Au S\u00e9n\u00e9gal, comme dans beaucoup de pays africains en g\u00e9n\u00e9ral et dans la sous r\u00e9gion en particulier, les femmes, pour pr\u00e9cuire le riz, utilisent un couscoussier qui, pos\u00e9 sur la marmite, n\u2019assure pas une parfaite \u00e9tanch\u00e9it\u00e9. Ainsi, certaines utilisent un morceau de tissu humide qu\u2019elles entourent autour du couscoussier, d\u2019autres en zone&#8230;<\/p>\n","protected":false},"author":1,"featured_media":0,"parent":0,"menu_order":0,"comment_status":"closed","ping_status":"closed","template":"","meta":{"footnotes":""},"class_list":["post-10428","page","type-page","status-publish","hentry"],"_links":{"self":[{"href":"https:\/\/adagroupe.com\/index.php\/wp-json\/wp\/v2\/pages\/10428","targetHints":{"allow":["GET"]}}],"collection":[{"href":"https:\/\/adagroupe.com\/index.php\/wp-json\/wp\/v2\/pages"}],"about":[{"href":"https:\/\/adagroupe.com\/index.php\/wp-json\/wp\/v2\/types\/page"}],"author":[{"embeddable":true,"href":"https:\/\/adagroupe.com\/index.php\/wp-json\/wp\/v2\/users\/1"}],"replies":[{"embeddable":true,"href":"https:\/\/adagroupe.com\/index.php\/wp-json\/wp\/v2\/comments?post=10428"}],"version-history":[{"count":9,"href":"https:\/\/adagroupe.com\/index.php\/wp-json\/wp\/v2\/pages\/10428\/revisions"}],"predecessor-version":[{"id":10443,"href":"https:\/\/adagroupe.com\/index.php\/wp-json\/wp\/v2\/pages\/10428\/revisions\/10443"}],"wp:attachment":[{"href":"https:\/\/adagroupe.com\/index.php\/wp-json\/wp\/v2\/media?parent=10428"}],"curies":[{"name":"wp","href":"https:\/\/api.w.org\/{rel}","templated":true}]}}