{"id":14874,"date":"2026-01-16T16:01:42","date_gmt":"2026-01-16T15:01:42","guid":{"rendered":"https:\/\/adagroupe.com\/?page_id=14874"},"modified":"2026-01-27T17:44:36","modified_gmt":"2026-01-27T16:44:36","slug":"chaise-noflaye","status":"publish","type":"page","link":"https:\/\/adagroupe.com\/index.php\/chaise-noflaye\/","title":{"rendered":"Chaise Noflaye"},"content":{"rendered":"\t\t<div data-elementor-type=\"wp-page\" data-elementor-id=\"14874\" class=\"elementor elementor-14874\" data-elementor-post-type=\"page\">\n\t\t\t\t<div class=\"elementor-element elementor-element-842cbe1 e-con-full e-flex e-con e-parent\" data-id=\"842cbe1\" data-element_type=\"container\" data-settings=\"{&quot;background_background&quot;:&quot;classic&quot;}\">\n\t\t\t\t<div class=\"elementor-element elementor-element-4004081 e-con e-flexbox-base\" data-id=\"4004081\" data-element_type=\"e-flexbox\">\n\t\t<div class=\"elementor-element elementor-element-b83cf35 e-con-full e-flex e-con e-parent\" data-id=\"b83cf35\" data-element_type=\"container\">\n\t\t\r\n\r\n\t\t\t\t<h2 class=\"e-308ebf9-4330f0a e-heading-base\">\n\t\t\tUn probl\u00e8me quotidien \n\t\t<\/h2>\n\t\t\t\t\t\t<h2 class=\"e-885e269-4e5f393 e-heading-base\">\n\t\t\tdans les zones rurales\n\t\t<\/h2>\n\t\t\t\t<div class=\"elementor-element elementor-element-36ba942 elementor-widget__width-initial elementor-widget elementor-widget-text-editor\" data-id=\"36ba942\" data-element_type=\"widget\" data-widget_type=\"text-editor.default\">\n\t\t\t\t<div class=\"elementor-widget-container\">\n\t\t\t\t\t\t\t\t\t<p><span style=\"color: #ffffff;\">Les latrines traditionnelles obligent \u00e0 s\u2019accroupir, <\/span><br \/><span style=\"color: #ffffff;\">une position p\u00e9nible et inaccessible pour de <\/span><br \/><span style=\"color: #ffffff;\">nombreuses personnes.<\/span><\/p>\t\t\t\t\t\t\t\t<\/div>\n\t\t\t\t<\/div>\n\t\t\t\t<div class=\"elementor-element elementor-element-ee3716e elementor-widget elementor-widget-spacer\" data-id=\"ee3716e\" data-element_type=\"widget\" data-widget_type=\"spacer.default\">\n\t\t\t\t<div class=\"elementor-widget-container\">\n\t\t\t\t\t\t\t<div class=\"elementor-spacer\">\n\t\t\t<div class=\"elementor-spacer-inner\"><\/div>\n\t\t<\/div>\n\t\t\t\t\t\t<\/div>\n\t\t\t\t<\/div>\n\t\t\t\t<\/div>\n\t\t\t\t<\/div>\n\t\t\t\t<\/div>\n\t\t<div class=\"elementor-element elementor-element-cf80009 e-flex e-con-boxed e-con e-parent\" data-id=\"cf80009\" data-element_type=\"container\">\n\t\t\t\t\t<div class=\"e-con-inner\">\n\t\t\t\t\t\t<h2 class=\"e-cc0594e-c6641c7 e-heading-base\">\n\t\t\tPr\u00e9sentation du dispositif\n\t\t<\/h2>\n\t\t\t\t\t<\/div>\n\t\t\t\t<\/div>\n\t\t<div class=\"elementor-element elementor-element-7da2431 e-flex e-con-boxed e-con e-parent\" data-id=\"7da2431\" data-element_type=\"container\">\n\t\t\t\t\t<div class=\"e-con-inner\">\n\t\t<div class=\"elementor-element elementor-element-945e0a5 e-con-full e-flex e-con e-child\" data-id=\"945e0a5\" data-element_type=\"container\">\n\t\t\t\t\t\t\t<img class=\"e-image-base \"\n\t\t\t\t\t\t\t\t\tsrc=\"https:\/\/adagroupe.com\/wp-content\/uploads\/2022\/11\/Format-carre-1080-x-1080-px-1-scaled.webp\"\n\t\t\t\t\t\t\t\t\t\t\t\twidth=\"1920\"\n\t\t\t\t\t\t\t\t\t\t\t\theight=\"1920\"\n\t\t\t\t\t\t\t\t\t\t\t\tsrcset=\"https:\/\/adagroupe.com\/wp-content\/uploads\/2022\/11\/Format-carre-1080-x-1080-px-1-scaled.webp 1920w, https:\/\/adagroupe.com\/wp-content\/uploads\/2022\/11\/Format-carre-1080-x-1080-px-1-300x300.webp 300w, https:\/\/adagroupe.com\/wp-content\/uploads\/2022\/11\/Format-carre-1080-x-1080-px-1-1024x1024.webp 1024w, https:\/\/adagroupe.com\/wp-content\/uploads\/2022\/11\/Format-carre-1080-x-1080-px-1-150x150.webp 150w, https:\/\/adagroupe.com\/wp-content\/uploads\/2022\/11\/Format-carre-1080-x-1080-px-1-768x768.webp 768w, https:\/\/adagroupe.com\/wp-content\/uploads\/2022\/11\/Format-carre-1080-x-1080-px-1-85x85.webp 85w, https:\/\/adagroupe.com\/wp-content\/uploads\/2022\/11\/Format-carre-1080-x-1080-px-1-1536x1536.png 1536w, https:\/\/adagroupe.com\/wp-content\/uploads\/2022\/11\/Format-carre-1080-x-1080-px-1-2048x2048.png 2048w, https:\/\/adagroupe.com\/wp-content\/uploads\/2022\/11\/Format-carre-1080-x-1080-px-1-600x600.png 600w, https:\/\/adagroupe.com\/wp-content\/uploads\/2022\/11\/Format-carre-1080-x-1080-px-1-100x100.png 100w, https:\/\/adagroupe.com\/wp-content\/uploads\/2022\/11\/Format-carre-1080-x-1080-px-1-460x460.png 460w\"\n\t\t\t\t\t\t\t\t\t\t\t\talt=\"\"\n\t\t\t\t\t\t\/>\n\t\t\t\t\t<\/div>\n\t\t<div class=\"elementor-element elementor-element-4a856f4 e-con-full e-flex e-con e-child\" data-id=\"4a856f4\" data-element_type=\"container\">\n\t\t\t\t\t\t<h2 class=\"e-d3dbcb5-714cdba e-heading-base\">\n\t\t\tDispositif sanitaire ergonomique pour les latrines traditionnelles.\n\t\t<\/h2>\n\t\t\t\t<div class=\"elementor-element elementor-element-518df73 elementor-widget elementor-widget-text-editor\" data-id=\"518df73\" data-element_type=\"widget\" data-widget_type=\"text-editor.default\">\n\t\t\t\t<div class=\"elementor-widget-container\">\n\t\t\t\t\t\t\t\t\t<p>La chaise sanitaire \u00ab Noflaye \u00bb est une chaise \u00e0 l\u2019anglaise en c\u00e9ramique, con\u00e7ue sans r\u00e9servoir afin de s\u2019adapter aux zones rurales et aux milieux sans r\u00e9seau d\u2019eau.<\/p>\t\t\t\t\t\t\t\t<\/div>\n\t\t\t\t<\/div>\n\t\t\t\t<\/div>\n\t\t\t\t\t<\/div>\n\t\t\t\t<\/div>\n\t\t<div class=\"elementor-element elementor-element-b44ecc6 e-flex e-con-boxed e-con e-parent\" data-id=\"b44ecc6\" data-element_type=\"container\">\n\t\t\t\t\t<div class=\"e-con-inner\">\n\t\t\t\t\t\t<h2 class=\"e-26819fe-e42a86a e-heading-base\">\n\t\t\tCaract\u00e9ristiques\n\t\t<\/h2>\n\t\t\t\t\t<\/div>\n\t\t\t\t<\/div>\n\t\t<div class=\"elementor-element elementor-element-efbb32f e-flex e-con-boxed e-con e-parent\" data-id=\"efbb32f\" data-element_type=\"container\">\n\t\t\t\t\t<div class=\"e-con-inner\">\n\t\t\t\t<div class=\"elementor-element elementor-element-e80619b elementor-widget elementor-widget-kotarservice\" data-id=\"e80619b\" data-element_type=\"widget\" data-widget_type=\"kotarservice.default\">\n\t\t\t\t<div class=\"elementor-widget-container\">\n\t\t\t\t\t<div class=\"row gy-4\"><div class=\"col-xl-4 col-md-6\"><div class=\"service-box style2\" data-bg-src=\"\"><div class=\"service-content\"><div class=\"service-box_icon\"><img decoding=\"async\" src=\"https:\/\/adagroupe.com\/wp-content\/uploads\/2026\/01\/Mat1.webp\" alt=\"Mat1\"  \/><\/div><\/div><h3 class=\"box-title title\"><a href=\"#\">Mat\u00e9riaux<\/a><\/h3><p class=\"service-box_text desc\">C\u00e9ramique vitrifi\u00e9e<\/p><\/div><\/div><div class=\"col-xl-4 col-md-6\"><div class=\"service-box style2\" data-bg-src=\"\"><div class=\"service-content\"><div class=\"service-box_icon\"><img decoding=\"async\" src=\"https:\/\/adagroupe.com\/wp-content\/uploads\/2026\/01\/Toil1-1.png\" alt=\"Toil1 1\"  \/><\/div><\/div><h3 class=\"box-title title\"><a href=\"#\">Composant inclus<\/a><\/h3><p class=\"service-box_text desc\">Si\u00e8ge monobloc, abattant anti-odeurs<\/p><\/div><\/div><div class=\"col-xl-4 col-md-6\"><div class=\"service-box style2\" data-bg-src=\"\"><div class=\"service-content\"><div class=\"service-box_icon\"><img decoding=\"async\" src=\"https:\/\/adagroupe.com\/wp-content\/uploads\/2026\/01\/evacuation-1.png\" alt=\"evacuation 1\"  \/><\/div><\/div><h3 class=\"box-title title\"><a href=\"#\">Syst\u00e8me d&#039;\u00e9vacuation <\/a><\/h3><p class=\"service-box_text desc\">C\u00e9ramique vitrifi\u00e9e<\/p><\/div><\/div><div class=\"col-xl-4 col-md-6\"><div class=\"service-box style2\" data-bg-src=\"\"><div class=\"service-content\"><div class=\"service-box_icon\"><img decoding=\"async\" src=\"https:\/\/adagroupe.com\/wp-content\/uploads\/2026\/01\/PU.png\" alt=\"PU\"  \/><\/div><\/div><h3 class=\"box-title title\"><a href=\"#\">Poids unitaire<\/a><\/h3><p class=\"service-box_text desc\">(18) Dix-huit Kg<\/p><\/div><\/div><div class=\"col-xl-4 col-md-6\"><div class=\"service-box style2\" data-bg-src=\"\"><div class=\"service-content\"><div class=\"service-box_icon\"><img decoding=\"async\" src=\"https:\/\/adagroupe.com\/wp-content\/uploads\/2026\/01\/resistance.png\" alt=\"resistance\"  \/><\/div><\/div><h3 class=\"box-title title\"><a href=\"#\">R\u00e9sistance <\/a><\/h3><p class=\"service-box_text desc\">Peut supporter jusqu&#039;\u00e0 200 Kg<\/p><\/div><\/div><div class=\"col-xl-4 col-md-6\"><div class=\"service-box style2\" data-bg-src=\"\"><div class=\"service-content\"><div class=\"service-box_icon\"><img decoding=\"async\" src=\"https:\/\/adagroupe.com\/wp-content\/uploads\/2026\/01\/dimension.png\" alt=\"dimension\"  \/><\/div><\/div><h3 class=\"box-title title\"><a href=\"#\">Dimensions<\/a><\/h3><p class=\"service-box_text desc\">Largeur 45 cm Profondeur 55 cm Hauteur  45 cm.<\/p><\/div><\/div><div class=\"col-xl-4 col-md-6\"><div class=\"service-box style2\" data-bg-src=\"\"><div class=\"service-content\"><div class=\"service-box_icon\"><img decoding=\"async\" src=\"https:\/\/adagroupe.com\/wp-content\/uploads\/2026\/01\/globe-1.png\" alt=\"globe 1\"  \/><\/div><\/div><h3 class=\"box-title title\"><a href=\"#\">Compatibilit\u00e9<\/a><\/h3><p class=\"service-box_text desc\">Universelle (Dalles b\u00e9ton\/carrel\u00e9es, trou standard)<\/p><\/div><\/div><\/div>\t\t\t\t<\/div>\n\t\t\t\t<\/div>\n\t\t\t\t\t<\/div>\n\t\t\t\t<\/div>\n\t\t<div class=\"elementor-element elementor-element-fe41c4a e-flex e-con-boxed e-con e-parent\" data-id=\"fe41c4a\" data-element_type=\"container\" data-settings=\"{&quot;background_background&quot;:&quot;classic&quot;}\">\n\t\t\t\t\t<div class=\"e-con-inner\">\n\t\t<div class=\"elementor-element elementor-element-239530c e-con-full e-flex e-con e-child\" data-id=\"239530c\" data-element_type=\"container\">\n\t\t\t\t\t\t<h2 class=\"e-3649749-f3b0971 e-heading-base\">\n\t\t\tSant\u00e9 &amp; impact social\n\t\t<\/h2>\n\t\t\t\t<div class=\"elementor-element elementor-element-39b7cd4 elementor-widget__width-initial elementor-widget-laptop__width-initial elementor-widget elementor-widget-text-editor\" data-id=\"39b7cd4\" data-element_type=\"widget\" data-widget_type=\"text-editor.default\">\n\t\t\t\t<div class=\"elementor-widget-container\">\n\t\t\t\t\t\t\t\t\t<p><img decoding=\"async\" class=\"size-full wp-image-14943 alignleft\" src=\"https:\/\/adagroupe.com\/wp-content\/uploads\/2026\/01\/personnes-agees.webp\" alt=\"\" width=\"119\" height=\"115\" \/><strong>Accessibilit\u00e9 &amp; Dignit\u00e9<br \/><\/strong>Autonomie pour les usagers ne pouvant pas s\u2019accroupir<\/p>\t\t\t\t\t\t\t\t<\/div>\n\t\t\t\t<\/div>\n\t\t\t\t<div class=\"elementor-element elementor-element-25092ce elementor-widget__width-initial elementor-widget-laptop__width-initial elementor-widget elementor-widget-text-editor\" data-id=\"25092ce\" data-element_type=\"widget\" data-widget_type=\"text-editor.default\">\n\t\t\t\t<div class=\"elementor-widget-container\">\n\t\t\t\t\t\t\t\t\t<p><strong><img decoding=\"async\" class=\"size-full wp-image-14944 alignleft\" src=\"https:\/\/adagroupe.com\/wp-content\/uploads\/2026\/01\/bonhome.webp\" alt=\"\" width=\"62\" height=\"115\" \/>Hygi\u00e8ne Menstruelle &amp; G\u00e9n\u00e9rale<br \/><\/strong>Facilite la toilette intime, surface lavable<\/p>\t\t\t\t\t\t\t\t<\/div>\n\t\t\t\t<\/div>\n\t\t\t\t<div class=\"elementor-element elementor-element-959e522 elementor-widget elementor-widget-text-editor\" data-id=\"959e522\" data-element_type=\"widget\" data-widget_type=\"text-editor.default\">\n\t\t\t\t<div class=\"elementor-widget-container\">\n\t\t\t\t\t\t\t\t\t<p><img decoding=\"async\" class=\"size-full wp-image-14945 alignleft\" src=\"https:\/\/adagroupe.com\/wp-content\/uploads\/2026\/01\/cafard.png\" alt=\"\" width=\"113\" height=\"115\" \/><strong>Barri\u00e9re Sanitaire<br \/><\/strong>Abattant int\u00e9gr\u00e9 coupant le lien entre les excr\u00e9ments et l\u2019air (anti-mouches, odeurs)<\/p>\t\t\t\t\t\t\t\t<\/div>\n\t\t\t\t<\/div>\n\t\t\t\t<\/div>\n\t\t<div class=\"elementor-element elementor-element-40d14f3 e-con-full e-flex e-con e-child\" data-id=\"40d14f3\" data-element_type=\"container\">\n\t\t\t\t\t\t<h2 class=\"e-8eaa9b7-c847df6 e-heading-base\">\n\t\t\tMaintenance &amp; Entretien\n\t\t<\/h2>\n\t\t\t\t<div class=\"elementor-element elementor-element-c736eeb elementor-widget-laptop__width-initial elementor-widget elementor-widget-text-editor\" data-id=\"c736eeb\" data-element_type=\"widget\" data-widget_type=\"text-editor.default\">\n\t\t\t\t<div class=\"elementor-widget-container\">\n\t\t\t\t\t\t\t\t\t<p><strong><img loading=\"lazy\" decoding=\"async\" class=\"size-medium wp-image-14946 alignright\" src=\"https:\/\/adagroupe.com\/wp-content\/uploads\/2026\/01\/Sans-titre-5-200x300.png\" alt=\"\" width=\"200\" height=\"300\" \/>Nettoyage facile<br \/><\/strong>Surface lisse en c\u00e9ramique ne retient ni salet\u00e9s, ni odeurs.<br \/>R\u00e9sistante \u00e0 l\u2019humidit\u00e9. Pas de tuyauterie complexe.<\/p>\t\t\t\t\t\t\t\t<\/div>\n\t\t\t\t<\/div>\n\t\t\t\t<\/div>\n\t\t\t\t\t<\/div>\n\t\t\t\t<\/div>\n\t\t\t\t<\/div>\n\t\t","protected":false},"excerpt":{"rendered":"<p>Un probl\u00e8me quotidien dans les zones rurales Les latrines traditionnelles obligent \u00e0 s\u2019accroupir, une position p\u00e9nible et inaccessible pour de nombreuses personnes. Pr\u00e9sentation du dispositif Dispositif sanitaire ergonomique pour les latrines traditionnelles. La chaise sanitaire \u00ab Noflaye \u00bb est une chaise \u00e0 l\u2019anglaise en c\u00e9ramique, con\u00e7ue sans r\u00e9servoir afin de s\u2019adapter aux zones rurales et&#8230;<\/p>\n","protected":false},"author":1,"featured_media":0,"parent":0,"menu_order":0,"comment_status":"closed","ping_status":"closed","template":"elementor_canvas","meta":{"footnotes":""},"class_list":["post-14874","page","type-page","status-publish","hentry"],"_links":{"self":[{"href":"https:\/\/adagroupe.com\/index.php\/wp-json\/wp\/v2\/pages\/14874","targetHints":{"allow":["GET"]}}],"collection":[{"href":"https:\/\/adagroupe.com\/index.php\/wp-json\/wp\/v2\/pages"}],"about":[{"href":"https:\/\/adagroupe.com\/index.php\/wp-json\/wp\/v2\/types\/page"}],"author":[{"embeddable":true,"href":"https:\/\/adagroupe.com\/index.php\/wp-json\/wp\/v2\/users\/1"}],"replies":[{"embeddable":true,"href":"https:\/\/adagroupe.com\/index.php\/wp-json\/wp\/v2\/comments?post=14874"}],"version-history":[{"count":79,"href":"https:\/\/adagroupe.com\/index.php\/wp-json\/wp\/v2\/pages\/14874\/revisions"}],"predecessor-version":[{"id":14991,"href":"https:\/\/adagroupe.com\/index.php\/wp-json\/wp\/v2\/pages\/14874\/revisions\/14991"}],"wp:attachment":[{"href":"https:\/\/adagroupe.com\/index.php\/wp-json\/wp\/v2\/media?parent=14874"}],"curies":[{"name":"wp","href":"https:\/\/api.w.org\/{rel}","templated":true}]}}