{"id":3037,"date":"2023-10-09T15:42:09","date_gmt":"2023-10-09T15:42:09","guid":{"rendered":"https:\/\/themeholy.com\/wordpress\/konta\/?page_id=3037"},"modified":"2025-07-02T11:54:21","modified_gmt":"2025-07-02T09:54:21","slug":"contact-2","status":"publish","type":"page","link":"https:\/\/adagroupe.com\/index.php\/contact-2\/","title":{"rendered":"Contact"},"content":{"rendered":"\t\t<div data-elementor-type=\"wp-page\" data-elementor-id=\"3037\" class=\"elementor elementor-3037\" data-elementor-post-type=\"page\">\n\t\t\t\t\t\t<section class=\"elementor-section elementor-top-section elementor-element elementor-element-3924e3b elementor-section-full_width elementor-section-height-default elementor-section-height-default\" data-id=\"3924e3b\" data-element_type=\"section\">\n\t\t\t\t\t\t<div class=\"elementor-container elementor-column-gap-no\">\n\t\t\t\t\t<div class=\"elementor-column elementor-col-100 elementor-top-column elementor-element elementor-element-24e7f52\" data-id=\"24e7f52\" data-element_type=\"column\">\n\t\t\t<div class=\"elementor-widget-wrap elementor-element-populated\">\n\t\t\t\t\t\t<section class=\"elementor-section elementor-inner-section elementor-element elementor-element-c7f38fa elementor-section-boxed elementor-section-height-default elementor-section-height-default\" data-id=\"c7f38fa\" data-element_type=\"section\">\n\t\t\t\t\t\t<div class=\"elementor-container elementor-column-gap-no\">\n\t\t\t\t\t<div class=\"elementor-column elementor-col-100 elementor-inner-column elementor-element elementor-element-7faaaf0\" data-id=\"7faaaf0\" data-element_type=\"column\">\n\t\t\t<div class=\"elementor-widget-wrap elementor-element-populated\">\n\t\t\t\t\r\n\r\n\t\t<div class=\"elementor-element elementor-element-9a59e01 elementor-widget elementor-widget-text-editor\" data-id=\"9a59e01\" data-element_type=\"widget\" data-widget_type=\"text-editor.default\">\n\t\t\t\t<div class=\"elementor-widget-container\">\n\t\t\t\t\t\t\t\t\t<div class=\"title-area text-center\"><h2 class=\"sec-title\">Nos informations de contact<\/h2><\/div>\t\t\t\t\t\t\t\t<\/div>\n\t\t\t\t<\/div>\n\t\t\t\t<div class=\"elementor-element elementor-element-cf3e58b elementor-widget elementor-widget-kontacontactinfov2\" data-id=\"cf3e58b\" data-element_type=\"widget\" data-widget_type=\"kontacontactinfov2.default\">\n\t\t\t\t<div class=\"elementor-widget-container\">\n\t\t\t\t\t<div class=\"row gy-4 justify-content-center\"><div class=\"col-xl-4 col-lg-6\"><div class=\"contact-feature\"><div class=\"contact-feature-icon\"><i class=\"fal fa-location-dot\"><\/i><\/div><div class=\"media-body\"><p class=\"contact-feature_label\">Notre adresse<\/p><span class=\"contact-info_text\">Immeuble MSAE-N-N\u00b01032 Avenue Bourguiba Dakar<\/span><\/div><\/div><\/div><div class=\"col-xl-4 col-lg-6\"><div class=\"contact-feature\"><div class=\"contact-feature-icon\"><i class=\"fal fa-phone\"><\/i><\/div><div class=\"media-body\"><p class=\"contact-feature_label\">N\u00b0 de t\u00e9l\u00e9phone<\/p><a href=\"tel:+221338259363\" class=\"contact-feature_link\">Mobile: +221 33 825 93 63<\/a><a href=\"mailto:contact@adagroup.com\" class=\"contact-feature_link\">Email: contact@adagroup.com<\/a><\/div><\/div><\/div><div class=\"col-xl-4 col-lg-6\"><div class=\"contact-feature\"><div class=\"contact-feature-icon\"><i class=\"fal fa-clock\"><\/i><\/div><div class=\"media-body\"><p class=\"contact-feature_label\">Horaires <\/p><span class=\"contact-feature_link\">Lundi- samedi: 08h:00 - 18h:00<\/span>\n                            <span class=\"contact-feature_link\">Dimanche : Ferm\u00e9<\/span><\/div><\/div><\/div><\/div>\t\t\t\t<\/div>\n\t\t\t\t<\/div>\n\t\t\t\t\t<\/div>\n\t\t<\/div>\n\t\t\t\t\t<\/div>\n\t\t<\/section>\n\t\t\t\t\t<\/div>\n\t\t<\/div>\n\t\t\t\t\t<\/div>\n\t\t<\/section>\n\t\t\t\t<section class=\"elementor-section elementor-top-section elementor-element elementor-element-a37de8e elementor-section-full_width elementor-section-height-default elementor-section-height-default\" data-id=\"a37de8e\" data-element_type=\"section\">\n\t\t\t\t\t\t<div class=\"elementor-container elementor-column-gap-no\">\n\t\t\t\t\t<div class=\"elementor-column elementor-col-100 elementor-top-column elementor-element elementor-element-3ffebe0\" data-id=\"3ffebe0\" data-element_type=\"column\">\n\t\t\t<div class=\"elementor-widget-wrap elementor-element-populated\">\n\t\t\t\t\t\t<section class=\"elementor-section elementor-inner-section elementor-element elementor-element-0a7d486 elementor-section-boxed elementor-section-height-default elementor-section-height-default\" data-id=\"0a7d486\" data-element_type=\"section\">\n\t\t\t\t\t\t<div class=\"elementor-container elementor-column-gap-no\">\n\t\t\t\t\t<div class=\"elementor-column elementor-col-100 elementor-inner-column elementor-element elementor-element-5393122\" data-id=\"5393122\" data-element_type=\"column\">\n\t\t\t<div class=\"elementor-widget-wrap elementor-element-populated\">\n\t\t\t\t\t\t<div class=\"elementor-element elementor-element-347b02e contact-wrap2 elementor-widget elementor-widget-kontacontactform\" data-id=\"347b02e\" data-element_type=\"widget\" data-widget_type=\"kontacontactform.default\">\n\t\t\t\t<div class=\"elementor-widget-container\">\n\t\t\t\t\t<div class=\"align-self-center\"><div class=\"testi-contace-wrap bg-white\"><div class=\"contact-form-wrap\"><h2 class=\"title h4 text-center\">Nous contacter<\/h2>\n<div class=\"wpcf7 no-js\" id=\"wpcf7-f1176-o1\" lang=\"en-US\" dir=\"ltr\" data-wpcf7-id=\"1176\">\n<div class=\"screen-reader-response\"><p role=\"status\" aria-live=\"polite\" aria-atomic=\"true\"><\/p> <ul><\/ul><\/div>\n<form action=\"\/index.php\/wp-json\/wp\/v2\/pages\/3037#wpcf7-f1176-o1\" method=\"post\" class=\"wpcf7-form init\" aria-label=\"Contact form\" novalidate=\"novalidate\" data-status=\"init\">\n<div style=\"display: none;\">\n<input type=\"hidden\" name=\"_wpcf7\" value=\"1176\" \/>\n<input type=\"hidden\" name=\"_wpcf7_version\" value=\"6.0.6\" \/>\n<input type=\"hidden\" name=\"_wpcf7_locale\" value=\"en_US\" \/>\n<input type=\"hidden\" name=\"_wpcf7_unit_tag\" value=\"wpcf7-f1176-o1\" \/>\n<input type=\"hidden\" name=\"_wpcf7_container_post\" value=\"0\" \/>\n<input type=\"hidden\" name=\"_wpcf7_posted_data_hash\" value=\"\" \/>\n<\/div>\n<div class=\"contact-form\">\n    <div class=\"row\">\n        <div class=\"col-md-6\">\n            <div class=\"form-group\">\n                <span class=\"wpcf7-form-control-wrap\" data-name=\"text-898\"><input size=\"40\" maxlength=\"400\" class=\"wpcf7-form-control wpcf7-text wpcf7-validates-as-required form-control\" id=\"text-898\" aria-required=\"true\" aria-invalid=\"false\" placeholder=\"Votre Nome*\" value=\"\" type=\"text\" name=\"text-898\" \/><\/span><i class=\"fal fa-user\"><\/i>\n            <\/div>\n        <\/div>\n        <div class=\"col-md-6\">\n            <div class=\"form-group\">\n                <span class=\"wpcf7-form-control-wrap\" data-name=\"email-432\"><input size=\"40\" maxlength=\"400\" class=\"wpcf7-form-control wpcf7-email wpcf7-validates-as-required wpcf7-text wpcf7-validates-as-email form-control\" id=\"email-432\" aria-required=\"true\" aria-invalid=\"false\" placeholder=\"Adresse email *\" value=\"\" type=\"email\" name=\"email-432\" \/><\/span><i class=\"fal fa-envelope\"><\/i>\n            <\/div>\n        <\/div>\n        \n\n            <div class=\"form-group\">\n                <span class=\"wpcf7-form-control-wrap\" data-name=\"tel-602\"><input size=\"40\" maxlength=\"400\" class=\"wpcf7-form-control wpcf7-tel wpcf7-validates-as-required wpcf7-text wpcf7-validates-as-tel form-control\" id=\"tel-602\" aria-required=\"true\" aria-invalid=\"false\" value=\"Num\u00e9ro de t\u00e9l\u00e9phone*\" type=\"tel\" name=\"tel-602\" \/><\/span><i class=\"fal fa-phone\"><\/i>\n            <\/div>\n        <\/div>\n        <div class=\"col-12\">\n            <div class=\"form-group \">\n                <span class=\"wpcf7-form-control-wrap\" data-name=\"textarea-922\"><textarea cols=\"40\" rows=\"10\" maxlength=\"2000\" class=\"wpcf7-form-control wpcf7-textarea wpcf7-validates-as-required form-control\" id=\"textarea-922\" aria-required=\"true\" aria-invalid=\"false\" placeholder=\"R\u00e9diger votre message*\" name=\"textarea-922\"><\/textarea><\/span><i class=\"fal fa-pen\"><\/i>\n            <\/div>\n        <\/div>\n        <div class=\"form-btn col-12\">\n            <button class=\"th-btn w-100 wpcf7\">Envoyer le message<i class=\"fas fa-long-arrow-right ms-2\"><\/i><\/button>\n        <\/div>\n    <\/div>\n    <p class=\"form-messages mb-0 mt-3\"><\/p>\n<\/div><div class=\"wpcf7-response-output\" aria-hidden=\"true\"><\/div>\n<\/form>\n<\/div>\n<\/div><\/div><\/div>\t\t\t\t<\/div>\n\t\t\t\t<\/div>\n\t\t\t\t\t<\/div>\n\t\t<\/div>\n\t\t\t\t\t<\/div>\n\t\t<\/section>\n\t\t\t\t\t<\/div>\n\t\t<\/div>\n\t\t\t\t\t<\/div>\n\t\t<\/section>\n\t\t\t\t<section class=\"elementor-section elementor-top-section elementor-element elementor-element-26113b2 elementor-section-full_width elementor-section-height-default elementor-section-height-default\" data-id=\"26113b2\" data-element_type=\"section\">\n\t\t\t\t\t\t<div class=\"elementor-container elementor-column-gap-no\">\n\t\t\t\t\t<div class=\"elementor-column elementor-col-100 elementor-top-column elementor-element elementor-element-70ebc13\" data-id=\"70ebc13\" data-element_type=\"column\">\n\t\t\t<div class=\"elementor-widget-wrap elementor-element-populated\">\n\t\t\t\t\t\t<div class=\"elementor-element elementor-element-c4d41e6 elementor-widget elementor-widget-google_maps\" data-id=\"c4d41e6\" data-element_type=\"widget\" data-widget_type=\"google_maps.default\">\n\t\t\t\t<div class=\"elementor-widget-container\">\n\t\t\t\t\t\t\t<div class=\"elementor-custom-embed\">\n\t\t\t<iframe loading=\"lazy\"\n\t\t\t\t\tsrc=\"https:\/\/maps.google.com\/maps?q=14%C2%B042%2729.7%22N%2017%C2%B027%2733.6%22W&#038;t=m&#038;z=18&#038;output=embed&#038;iwloc=near\"\n\t\t\t\t\ttitle=\"14\u00b042&#039;29.7&quot;N 17\u00b027&#039;33.6&quot;W\"\n\t\t\t\t\taria-label=\"14\u00b042&#039;29.7&quot;N 17\u00b027&#039;33.6&quot;W\"\n\t\t\t><\/iframe>\n\t\t<\/div>\n\t\t\t\t\t\t<\/div>\n\t\t\t\t<\/div>\n\t\t\t\t\t<\/div>\n\t\t<\/div>\n\t\t\t\t\t<\/div>\n\t\t<\/section>\n\t\t\t\t<\/div>\n\t\t","protected":false},"excerpt":{"rendered":"<p>Nos informations de contact Notre adresse Immeuble MSAE-N-N\u00b01032 Avenue Bourguiba Dakar N\u00b0 de t\u00e9l\u00e9phone Mobile: +221 33 825 93 63Email: contact@adagroup.com Horaires Lundi- samedi: 08h:00 &#8211; 18h:00 Dimanche : Ferm\u00e9 Nous contacter Web DesignWeb DevelopmentEngine DiagnosticsDigital Marketing Envoyer le message<\/p>\n","protected":false},"author":1,"featured_media":0,"parent":0,"menu_order":0,"comment_status":"closed","ping_status":"closed","template":"template-builder.php","meta":{"footnotes":""},"class_list":["post-3037","page","type-page","status-publish","hentry"],"_links":{"self":[{"href":"https:\/\/adagroupe.com\/index.php\/wp-json\/wp\/v2\/pages\/3037","targetHints":{"allow":["GET"]}}],"collection":[{"href":"https:\/\/adagroupe.com\/index.php\/wp-json\/wp\/v2\/pages"}],"about":[{"href":"https:\/\/adagroupe.com\/index.php\/wp-json\/wp\/v2\/types\/page"}],"author":[{"embeddable":true,"href":"https:\/\/adagroupe.com\/index.php\/wp-json\/wp\/v2\/users\/1"}],"replies":[{"embeddable":true,"href":"https:\/\/adagroupe.com\/index.php\/wp-json\/wp\/v2\/comments?post=3037"}],"version-history":[{"count":9,"href":"https:\/\/adagroupe.com\/index.php\/wp-json\/wp\/v2\/pages\/3037\/revisions"}],"predecessor-version":[{"id":14482,"href":"https:\/\/adagroupe.com\/index.php\/wp-json\/wp\/v2\/pages\/3037\/revisions\/14482"}],"wp:attachment":[{"href":"https:\/\/adagroupe.com\/index.php\/wp-json\/wp\/v2\/media?parent=3037"}],"curies":[{"name":"wp","href":"https:\/\/api.w.org\/{rel}","templated":true}]}}