{"id":9822,"date":"2023-09-07T15:01:01","date_gmt":"2023-09-07T13:01:01","guid":{"rendered":"https:\/\/adagroupe.com\/?page_id=9822"},"modified":"2024-02-20T14:05:18","modified_gmt":"2024-02-20T13:05:18","slug":"region-de-kedougou","status":"publish","type":"page","link":"https:\/\/adagroupe.com\/index.php\/region-de-kedougou\/","title":{"rendered":"R\u00e9gion de Kedougou"},"content":{"rendered":"\t\t<div data-elementor-type=\"wp-page\" data-elementor-id=\"9822\" class=\"elementor elementor-9822\" data-elementor-post-type=\"page\">\n\t\t\t\t\t\t<section class=\"elementor-section elementor-top-section elementor-element elementor-element-7bbb4846 elementor-section-full_width elementor-section-stretched elementor-section-height-default elementor-section-height-default\" data-id=\"7bbb4846\" data-element_type=\"section\" data-settings=\"{&quot;stretch_section&quot;:&quot;section-stretched&quot;}\">\n\t\t\t\t\t\t<div class=\"elementor-container elementor-column-gap-default\">\n\t\t\t\t\t<div class=\"elementor-column elementor-col-100 elementor-top-column elementor-element elementor-element-3560e2e\" data-id=\"3560e2e\" data-element_type=\"column\">\n\t\t\t<div class=\"elementor-widget-wrap elementor-element-populated\">\n\t\t\t\t\r\n\r\n\t\t<div class=\"elementor-element elementor-element-7387d4b2 elementor-widget elementor-widget-heading\" data-id=\"7387d4b2\" data-element_type=\"widget\" data-widget_type=\"heading.default\">\n\t\t\t\t<div class=\"elementor-widget-container\">\n\t\t\t\t\t<h3 class=\"elementor-heading-title elementor-size-default\">Programme de Remplacement des Abris provisoires (PRORAP)<\/h3>\t\t\t\t<\/div>\n\t\t\t\t<\/div>\n\t\t\t\t<section class=\"elementor-section elementor-inner-section elementor-element elementor-element-cc41773 elementor-section-boxed elementor-section-height-default elementor-section-height-default\" data-id=\"cc41773\" data-element_type=\"section\">\n\t\t\t\t\t\t<div class=\"elementor-container elementor-column-gap-default\">\n\t\t\t\t\t<div class=\"elementor-column elementor-col-100 elementor-inner-column elementor-element elementor-element-617b0f9\" data-id=\"617b0f9\" data-element_type=\"column\">\n\t\t\t<div class=\"elementor-widget-wrap\">\n\t\t\t\t\t\t\t<\/div>\n\t\t<\/div>\n\t\t\t\t\t<\/div>\n\t\t<\/section>\n\t\t\t\t<section class=\"elementor-section elementor-inner-section elementor-element elementor-element-22cdd67 elementor-section-boxed elementor-section-height-default elementor-section-height-default\" data-id=\"22cdd67\" data-element_type=\"section\">\n\t\t\t\t\t\t<div class=\"elementor-container elementor-column-gap-default\">\n\t\t\t\t\t<div class=\"elementor-column elementor-col-50 elementor-inner-column elementor-element elementor-element-9631cda\" data-id=\"9631cda\" data-element_type=\"column\">\n\t\t\t<div class=\"elementor-widget-wrap\">\n\t\t\t\t\t\t\t<\/div>\n\t\t<\/div>\n\t\t\t\t<div class=\"elementor-column elementor-col-50 elementor-inner-column elementor-element elementor-element-811879b\" data-id=\"811879b\" data-element_type=\"column\">\n\t\t\t<div class=\"elementor-widget-wrap\">\n\t\t\t\t\t\t\t<\/div>\n\t\t<\/div>\n\t\t\t\t\t<\/div>\n\t\t<\/section>\n\t\t\t\t\t<\/div>\n\t\t<\/div>\n\t\t\t\t\t<\/div>\n\t\t<\/section>\n\t\t\t\t<section class=\"elementor-section elementor-top-section elementor-element elementor-element-ec19f9a elementor-section-full_width elementor-section-height-default elementor-section-height-default\" data-id=\"ec19f9a\" data-element_type=\"section\">\n\t\t\t\t\t\t<div class=\"elementor-container elementor-column-gap-default\">\n\t\t\t\t\t<div class=\"elementor-column elementor-col-100 elementor-top-column elementor-element elementor-element-3bddba4\" data-id=\"3bddba4\" data-element_type=\"column\" data-settings=\"{&quot;background_background&quot;:&quot;classic&quot;}\">\n\t\t\t<div class=\"elementor-widget-wrap\">\n\t\t\t\t\t\t\t<\/div>\n\t\t<\/div>\n\t\t\t\t\t<\/div>\n\t\t<\/section>\n\t\t\t\t<\/div>\n\t\t","protected":false},"excerpt":{"rendered":"<p>Programme de Remplacement des Abris provisoires (PRORAP) KEDOUGOU ELEMENTAIRE KEDOUGOU MOYEN SECONDAIRE ELEMENTAIRE 73 salles de classe 20 blocs administratifs 33 blocs d&#8217;hygi\u00e8ne\u00a0 CEM 04 blocs d&#8217;hygi\u00e8ne1 000 m lin\u00e9aires de cl\u00f4ture\u00a0 IEF DE KEDOUGOU IEF DE SALEMATA IEF DE SARAYA Modifier ELEMENTAIRE IA IEF COMMUNAUTE RURALE ECOLES SDC BA BH IA Kedougou IEF Kedougou&#8230;<\/p>\n","protected":false},"author":1,"featured_media":0,"parent":0,"menu_order":0,"comment_status":"closed","ping_status":"closed","template":"","meta":{"footnotes":""},"class_list":["post-9822","page","type-page","status-publish","hentry"],"_links":{"self":[{"href":"https:\/\/adagroupe.com\/index.php\/wp-json\/wp\/v2\/pages\/9822","targetHints":{"allow":["GET"]}}],"collection":[{"href":"https:\/\/adagroupe.com\/index.php\/wp-json\/wp\/v2\/pages"}],"about":[{"href":"https:\/\/adagroupe.com\/index.php\/wp-json\/wp\/v2\/types\/page"}],"author":[{"embeddable":true,"href":"https:\/\/adagroupe.com\/index.php\/wp-json\/wp\/v2\/users\/1"}],"replies":[{"embeddable":true,"href":"https:\/\/adagroupe.com\/index.php\/wp-json\/wp\/v2\/comments?post=9822"}],"version-history":[{"count":55,"href":"https:\/\/adagroupe.com\/index.php\/wp-json\/wp\/v2\/pages\/9822\/revisions"}],"predecessor-version":[{"id":11558,"href":"https:\/\/adagroupe.com\/index.php\/wp-json\/wp\/v2\/pages\/9822\/revisions\/11558"}],"wp:attachment":[{"href":"https:\/\/adagroupe.com\/index.php\/wp-json\/wp\/v2\/media?parent=9822"}],"curies":[{"name":"wp","href":"https:\/\/api.w.org\/{rel}","templated":true}]}}